{"id":4150,"date":"2025-07-15T16:12:09","date_gmt":"2025-07-15T13:12:09","guid":{"rendered":"https:\/\/toprent.com\/car-rental-franchise-opportunity\/"},"modified":"2025-08-19T13:23:46","modified_gmt":"2025-08-19T10:23:46","slug":"car-rental-franchise-opportunity","status":"publish","type":"page","link":"https:\/\/toprent.com\/lv\/car-rental-franchise-opportunity\/","title":{"rendered":"Fran\u0161\u012bze"},"content":{"rendered":"<h2>Automa\u0161\u012bnu nomas fran\u0161\u012bzes iesp\u0113ja \u2013 TopRent<\/h2>\n<p>TopRent ir viena no vado\u0161aj\u0101m un visstrauj\u0101k augo\u0161aj\u0101m automa\u0161\u012bnu nomas komp\u0101nij\u0101m Baltij\u0101.<br \/>\nUz\u0146\u0113muma darb\u012bba balst\u0101s uz \u012bstermi\u0146a un ilgtermi\u0146a automa\u0161\u012bnu nomas pakalpojumu snieg\u0161anu priv\u0101tperson\u0101m un juridisk\u0101m person\u0101m par pieejam\u0101m cen\u0101m, pied\u0101v\u0101jot da\u017e\u0101du klases automa\u0161\u012bnas.<\/p>\n<p>Izveidot\u0101 profesion\u0101\u013cu komanda nodro\u0161ina individu\u0101lu pieeju un kvalitat\u012bvu servisu katram klientam. Cie\u0146a, rado\u0161ums un komandas darbs nodro\u0161ina augstus rezult\u0101tus, k\u0101 ar\u012b augstu v\u0113rt\u0113jumu starp cit\u0101m nomas komp\u0101nij\u0101m.<br \/>\nTopRent m\u0113r\u0137is ir ilgtermi\u0146a, uzticama un produkt\u012bva sadarb\u012bba, lai att\u012bst\u012btu biznesu, vienlaikus saglab\u0101jot konkur\u0113tsp\u0113ju automa\u0161\u012bnu nomas tirg\u016b.<\/p>\n<p>Inform\u0101cijai par glob\u0101laj\u0101m fran\u0161\u012bzes iesp\u0113j\u0101m, l\u016bdzu, sazinieties: <a href=\"ma&#105;&#108;&#116;&#x6f;&#x3a;&#x66;&#x72;&#x61;nc&#104;&#105;&#115;&#x65;&#x40;&#x74;&#x6f;&#x70;re&#110;&#116;&#46;&#x63;&#x6f;&#x6d;\">&#x66;r&#x61;&#110;&#x63;&#104;i&#x73;&#101;&#x40;&#116;o&#x70;&#114;&#x65;&#110;t&#x2e;c&#x6f;&#109;<\/a><\/p>\n","protected":false},"excerpt":{"rendered":"<p>Automa\u0161\u012bnu nomas fran\u0161\u012bzes iesp\u0113ja \u2013 TopRent TopRent ir viena no vado\u0161aj\u0101m un visstrauj\u0101k augo\u0161aj\u0101m automa\u0161\u012bnu nomas komp\u0101nij\u0101m Baltij\u0101. Uz\u0146\u0113muma darb\u012bba balst\u0101s uz \u012bstermi\u0146a un ilgtermi\u0146a automa\u0161\u012bnu nomas pakalpojumu snieg\u0161anu priv\u0101tperson\u0101m un juridisk\u0101m person\u0101m par pieejam\u0101m cen\u0101m, pied\u0101v\u0101jot da\u017e\u0101du klases automa\u0161\u012bnas. Izveidot\u0101 profesion\u0101\u013cu komanda nodro\u0161ina individu\u0101lu pieeju un kvalitat\u012bvu servisu katram klientam. Cie\u0146a, rado\u0161ums un komandas&#8230;<\/p>\n","protected":false},"author":1,"featured_media":3622,"parent":0,"menu_order":0,"comment_status":"closed","ping_status":"closed","template":"about-us.php","meta":{"_acf_changed":false,"footnotes":""},"class_list":["post-4150","page","type-page","status-publish","has-post-thumbnail","hentry"],"acf":[],"_links":{"self":[{"href":"https:\/\/toprent.com\/lv\/wp-json\/wp\/v2\/pages\/4150","targetHints":{"allow":["GET"]}}],"collection":[{"href":"https:\/\/toprent.com\/lv\/wp-json\/wp\/v2\/pages"}],"about":[{"href":"https:\/\/toprent.com\/lv\/wp-json\/wp\/v2\/types\/page"}],"author":[{"embeddable":true,"href":"https:\/\/toprent.com\/lv\/wp-json\/wp\/v2\/users\/1"}],"replies":[{"embeddable":true,"href":"https:\/\/toprent.com\/lv\/wp-json\/wp\/v2\/comments?post=4150"}],"version-history":[{"count":3,"href":"https:\/\/toprent.com\/lv\/wp-json\/wp\/v2\/pages\/4150\/revisions"}],"predecessor-version":[{"id":4325,"href":"https:\/\/toprent.com\/lv\/wp-json\/wp\/v2\/pages\/4150\/revisions\/4325"}],"wp:featuredmedia":[{"embeddable":true,"href":"https:\/\/toprent.com\/lv\/wp-json\/wp\/v2\/media\/3622"}],"wp:attachment":[{"href":"https:\/\/toprent.com\/lv\/wp-json\/wp\/v2\/media?parent=4150"}],"curies":[{"name":"wp","href":"https:\/\/api.w.org\/{rel}","templated":true}]}}