{"id":3663,"date":"2025-02-18T14:19:51","date_gmt":"2025-02-18T12:19:51","guid":{"rendered":"https:\/\/toprent.com\/privacy-policy\/"},"modified":"2025-08-25T14:21:32","modified_gmt":"2025-08-25T11:21:32","slug":"privacy-policy","status":"publish","type":"page","link":"https:\/\/toprent.com\/lv\/privacy-policy\/","title":{"rendered":"Priv\u0101tuma politika"},"content":{"rendered":"<p>Ja v\u0113laties uzzin\u0101t inform\u0101ciju par to, k\u0101di personas dati mums par jums ir pieejami, l\u016bdzu, sazinieties ar mums, izmantojot zem\u0101k nor\u0101d\u012btos kontaktus.<br \/>\nDa\u017ei dati, ko m\u0113s v\u0101cam, tiek uzskat\u012bti par personas datiem, un m\u0113s tos aizsarg\u0101jam saska\u0146\u0101 ar ES Regulu 2016\/679 (Visp\u0101r\u012bgo datu aizsardz\u012bbas regulu).<br \/>\nKad m\u0113s public\u0113jam izmai\u0146as \u0161aj\u0101 priv\u0101tuma politik\u0101, m\u0113s nor\u0101d\u012bsim p\u0113d\u0113j\u0101s izmai\u0146as datumu. Ja m\u0113s b\u016btiski main\u0101m \u0161o politiku vai veidu, k\u0101 izmantojam j\u016bsu personas datus, m\u0113s par to inform\u0113sim, skaidri nor\u0101dot pazi\u0146ojumu pirms izmai\u0146u veik\u0161anas vai nos\u016btot pazi\u0146ojumu tie\u0161i. M\u0113s iesak\u0101m periodiski p\u0101rskat\u012bt \u0161o pazi\u0146ojumu.<\/p>\n<h2>K\u0101p\u0113c m\u0113s v\u0101cam datus<\/h2>\n<p>M\u0113s apstr\u0101d\u0101jam j\u016bsu datus tikai to m\u0113r\u0137iem, ko pamato m\u016bsu pakalpojumi. M\u0113s apstr\u0101d\u0101jam \u0161os datus, iev\u0113rojot j\u016bsu pamatties\u012bbas uz priv\u0101tumu, tostarp nepiecie\u0161am\u012bbu aizsarg\u0101t personas integrit\u0101ti un priv\u0101tumu, un vienm\u0113r \u0146emam v\u0113r\u0101, ka m\u0113s neiev\u0101cam vair\u0101k datu, nek\u0101 nepiecie\u0161ams, lai sniegtu v\u0113lamo pakalpojumu. Ja nav nor\u0101d\u012bts cit\u0101di, Toprent nosaka j\u016bsu datu v\u0101k\u0161anas m\u0113r\u0137i un metodi un juridiskaj\u0101 noz\u012bm\u0113 darbojas k\u0101 personas datu \u201capstr\u0101des p\u0101rzinis\u201d.<\/p>\n<p>M\u0113s v\u0101cam datus, lai var\u0113tu:<\/p>\n<ul>\n<li>Nodro\u0161in\u0101t transportl\u012bdzek\u013ca rezerv\u0101cijas pakalpojumu<\/li>\n<li>Nosl\u0113gt nomas l\u012bgumu un izsniegt r\u0113\u0137inu<\/li>\n<li>Atbild\u0113t uz j\u016bsu jaut\u0101jumiem, s\u016bdz\u012bb\u0101m un pras\u012bb\u0101m<\/li>\n<li>Sniegt inform\u0101ciju par m\u016bsu pied\u0101v\u0101jumiem<\/li>\n<\/ul>\n<h2>K\u0101dus datus m\u0113s v\u0101cam<\/h2>\n<h3>Transportl\u012bdzek\u013ca rezerv\u0101cija<\/h3>\n<p>Lai veiktu rezerv\u0101ciju, mums b\u016bs nepiecie\u0161ama j\u016bsu person\u012bg\u0101 inform\u0101cija: v\u0101rds, uzv\u0101rds, adrese, t\u0101lru\u0146a numurs un e-pasts.<\/p>\n<h3>Automa\u0161\u012bnas noma<\/h3>\n<p>Lai nosl\u0113gtu nomas l\u012bgumu, mums b\u016bs nepiecie\u0161ami papildu dati:<\/p>\n<ul>\n<li>V\u0101rds un uzv\u0101rds<\/li>\n<li>Adrese, pils\u0113ta<\/li>\n<li>Dzim\u0161anas datums, vecums<\/li>\n<li>Personas apliec\u012bbas \/ pases numurs un der\u012bguma termi\u0146\u0161<\/li>\n<li>Autovad\u012bt\u0101ja apliec\u012bbas numurs, izdev\u0113js un der\u012bguma termi\u0146\u0161<\/li>\n<li>Kred\u012btkartes numurs<\/li>\n<li>Telefona numurs<\/li>\n<li>E-pasta adrese<\/li>\n<\/ul>\n<h3>Jaut\u0101jumi \/ S\u016bdz\u012bbas \/ Pras\u012bbas<\/h3>\n<p>Ja rodas probl\u0113ma ar transportl\u012bdzekli vai pakalpojumu, mums b\u016bs nepiecie\u0161ama \u0161\u0101da inform\u0101cija:<\/p>\n<ul>\n<li>V\u0101rds un uzv\u0101rds<\/li>\n<li>Adrese<\/li>\n<li>Telefona numurs<\/li>\n<li>Personas apliec\u012bbas numurs un der\u012bguma termi\u0146\u0161<\/li>\n<li>Autovad\u012bt\u0101ja apliec\u012bbas numurs, izdev\u0113js un der\u012bguma termi\u0146\u0161<\/li>\n<\/ul>\n<h2>K\u0101 m\u0113s v\u0101cam datus<\/h2>\n<p>Parasti m\u0113s v\u0101cam datus \u0161\u0101dos veidos:<\/p>\n<ul>\n<li>Pieprasot m\u016bsu pakalpojumu izmanto\u0161anu<\/li>\n<li>Kad tie\u0161i sniedzat mums inform\u0101ciju, piem\u0113ram, s\u016btot e-pastu vai zvanot<\/li>\n<li>Izmantojot m\u016bsu t\u012bmek\u013ca vietni. Toprent izmanto s\u012bkdatnes, lai da\u017ei personas dati var\u0113tu b\u016bt pieejami. Kas ir s\u012bkdatnes un k\u0101 m\u0113s t\u0101s izmantojam, varat atrast \u0161eit.<\/li>\n<li>Pierakstoties m\u016bsu jaunumu sa\u0146em\u0161anai<\/li>\n<li>Izmantojot tie\u0161\u0101 m\u0101rketinga privil\u0113\u0123ijas, kuras var pie\u0161\u0137irt, piem\u0113ram, e-past\u0101 vai tie\u0161i aizpildot veidlapu, piem\u0113ram, ien\u0101kot m\u016bsu fili\u0101l\u0113s<br \/>\nKur vien iesp\u0113jams, m\u0113s inform\u0113sim j\u016bs, k\u0101du inform\u0101ciju jums j\u0101sniedz, pirms s\u0101kat izmantot m\u016bsu pakalpojumu.<\/li>\n<\/ul>\n<p>M\u016bsu t\u012bmek\u013ca vietn\u0113 varam izmantot s\u012bkdatnes vai citus datu v\u0101k\u0161anas r\u012bkus. Detaliz\u0113tu inform\u0101ciju var atrast m\u016bsu s\u012bkdat\u0146u politik\u0101.<br \/>\nDa\u017eas tre\u0161o pu\u0161u vietnes var kontrol\u0113t trafiku no m\u016bsu produktiem un pakalpojumiem, piem\u0113ram, klik\u0161\u0137u skaitu un mekl\u0113\u0161anas terminus. M\u0113s nesniedzam \u0161iem pakalpojumiem nek\u0101du personas inform\u0101ciju.<\/p>\n<h3>K\u0101 aizsarg\u0101t j\u016bsu datus<\/h3>\n<p>Mums ir atbilsto\u0161i tehniskie un administrat\u012bvie dro\u0161\u012bbas pas\u0101kumi, lai nodro\u0161in\u0101tu lietot\u0101ju datu aizsardz\u012bbu pret neat\u013cautu vai nejau\u0161u piek\u013cuvi, izmanto\u0161anu, izmai\u0146\u0101m vai zaud\u0113jumu. Veiktie pas\u0101kumi tiek regul\u0101ri p\u0101rbaud\u012bti un past\u0101v\u012bgi piel\u0101goti tehnolo\u0123iju att\u012bst\u012bbai.<br \/>\nM\u0113s r\u012bkojamies ar j\u016bsu inform\u0101ciju saska\u0146\u0101 ar likumu. M\u0113s ar\u012b prasaam no m\u016bsu pieg\u0101d\u0101t\u0101jiem un pakalpojumu sniedz\u0113jiem veikt dro\u0161\u012bbas nov\u0113rt\u0113jumus un pier\u0101d\u012bt atbilst\u012bbu piem\u0113rojamiem likumiem un nozaru standartiem.<br \/>\nM\u0113s regul\u0101ri p\u0101rskat\u0101m, uzlabojam un atjaunojam darba proced\u016bras, biznesa procesus un tehniskos pas\u0101kumus, lai uzlabotu j\u016bsu priv\u0101tumu un nodro\u0161in\u0101tu atbilst\u012bbu m\u016bsu iek\u0161\u0113j\u0101m politik\u0101m.<\/p>\n<h3>K\u0101 m\u0113s dal\u0101mies ar j\u016bsu inform\u0101ciju<\/h3>\n<p>Toprent var sniegt j\u016bsu personas inform\u0101ciju tre\u0161aj\u0101m person\u0101m \u0161\u0101dos gad\u012bjumos:<\/p>\n<ul>\n<li>Lai izpild\u012btu likumisk\u0101s saist\u012bbas, piem\u0113ram, pieg\u0101d\u0101jot inform\u0101ciju ties\u0101m vai cit\u0101m kompetent\u0101m iest\u0101d\u0113m civilprocesu, krimin\u0101lprocesu, p\u0101rk\u0101pumu vai citu procesu laik\u0101<\/li>\n<li>Lai aizsarg\u0101tu Toprent ties\u012bbas, dro\u0161\u012bbu vai \u012bpa\u0161umu<\/li>\n<li>Lai nosl\u0113gtu un\/vai izpild\u012btu l\u012bgumus vai apstr\u0101d\u0101tu dar\u012bjumus ar starpniekiem, a\u0123ent\u016br\u0101m, caur kur\u0101m esat sazin\u0101jies ar Toprent<\/li>\n<li>Lai nov\u0113rstu vai ierobe\u017eotu iesp\u0113jamos zaud\u0113jumus Toprent<\/li>\n<li>Cit\u0101s situ\u0101cij\u0101s, ja esat devis savu piekri\u0161anu<\/li>\n<\/ul>\n<p>Toprent jebkur\u0101 gad\u012bjum\u0101, daloties ar j\u016bsu personas inform\u0101ciju tre\u0161aj\u0101m person\u0101m, aizliegs izmantot j\u016bsu datus citam m\u0113r\u0137im, nevis l\u012bgum\u0101 noteiktajam, un saist\u012bs tre\u0161\u0101s personas ar konfidencialit\u0101tes uztur\u0113\u0161anu.<\/p>\n<h3>Cik ilgi m\u0113s glab\u0101jam j\u016bsu datus<\/h3>\n<p>Personas dati tiks glab\u0101ti form\u0101, kas \u013cauj identific\u0113t personu tikai tik ilgi, cik tas nepiecie\u0161ams datu apstr\u0101des m\u0113r\u0137iem. Vai saska\u0146\u0101 ar noteiktajiem valsts noteikumiem datu p\u0101rvaldniekam j\u0101glab\u0101 personas dati konfidenci\u0101li. Personas dati var tikt glab\u0101ti ilg\u0101k noteiktos gad\u012bjumos, piem\u0113ram, statistikas vai arhiv\u0113\u0161anas nol\u016bkos sabiedr\u012bbas interes\u0113s.<br \/>\nJa j\u016bsu dati tiek apstr\u0101d\u0101ti uz j\u016bsu piekri\u0161anas pamata, piekri\u0161anas atsauk\u0161anas gad\u012bjum\u0101 m\u0113s p\u0101rtrauksim datu apstr\u0101di un tos vairs neizmantosim, ta\u010du tas var rad\u012bt neiesp\u0113ju izmantot da\u017eus ar piekri\u0161anu saist\u012btus papildus pakalpojumus.<br \/>\nL\u016bdzu, \u0146emiet v\u0113r\u0101, ka j\u016bsu dati netiks dz\u0113sti noteiktajos termi\u0146os, ja ir uzs\u0101kta piespiedu par\u0101da piedzi\u0146a vai cits process; personas dati tiks dz\u0113sti p\u0113c procesa pabeig\u0161anas vai likum\u0101 noteikto pras\u012bbu izbeig\u0161an\u0101s.<\/p>\n<h3>J\u016bsu ties\u012bbas<\/h3>\n<ul>\n<li>Ties\u012bbas piek\u013c\u016bt personaiem datiem \u2013 jums ir ties\u012bbas piepras\u012bt un sa\u0146emt inform\u0101ciju par jums (rakstiski, pa telefonu vai e-pastu), ar nosac\u012bjumu, ka j\u016bsu identit\u0101te ir nep\u0101rprotami noteikta un pier\u0101d\u012bta<\/li>\n<li>Ties\u012bbas labot vai atjaunin\u0101t datus \u2013 ja j\u016bsu inform\u0101cija ir neprec\u012bza vai nepiln\u012bga, jums ir ties\u012bbas to labot vai atjaunin\u0101t rakstiski vai person\u012bgi, ar nep\u0101rprotamu identit\u0101tes pier\u0101d\u012bjumu. J\u016bs esat atbild\u012bgs par pareizu inform\u0101cijas snieg\u0161anu un esat pien\u0101kums inform\u0113t m\u016bs par izmai\u0146\u0101m (v\u0101rda\/uzv\u0101rda, adreses u.c. izmai\u0146as)<\/li>\n<li>Ties\u012bbas dz\u0113st personas datus \u2013 ja vairs nav pamata datu apstr\u0101dei, tie tiks dz\u0113sti, ja tas nav pretrun\u0101 ar sp\u0113k\u0101 eso\u0161iem noteikumiem vai statistikas nol\u016bkiem<\/li>\n<li>Ties\u012bbas atsaukt piekri\u0161anu m\u0101rketingam \u2013 j\u016bs varat jebkur\u0101 laik\u0101 atsaukt piekri\u0161anu m\u016bsu m\u0101rketinga materi\u0101lu sa\u0146em\u0161anai<\/li>\n<li>Ties\u012bbas iebilst pret datu apstr\u0101di, pamatojoties uz Toprent le\u0123it\u012bmaj\u0101m interes\u0113m \u2013 j\u016bs varat jebkur\u0101 laik\u0101 iesniegt rakstisku iebildumu vai personiski m\u016bsu galvenaj\u0101 biroj\u0101<\/li>\n<li>Ties\u012bbas iesniegt s\u016bdz\u012bbu uzraudz\u012bbas iest\u0101d\u0113 \u2013 rakstiski vai person\u012bgi<\/li>\n<li>Ties\u012bbas p\u0101rnest datus \u2013 piepras\u012bt datus struktur\u0113t\u0101, kop\u012bg\u0101 un ma\u0161\u012bnlas\u0101m\u0101 form\u0101t\u0101, ja tie tiek apstr\u0101d\u0101ti automatiz\u0113ti<\/li>\n<li>Ties\u012bbas ierobe\u017eot apstr\u0101di \u2013 piepras\u012bt personas datu pagaidu blo\u0137\u0113\u0161anu vai apstr\u0101des ierobe\u017eojumus, ja apstr\u0101de ir neprec\u012bza vai neat\u013cauta<\/li>\n<\/ul>\n<h3>Datu \u013caunpr\u0101t\u012bga izmanto\u0161ana<\/h3>\n<p>M\u0113s varam iekas\u0113t sapr\u0101t\u012bgu maksu, pamatojoties uz administrat\u012bvajiem izdevumiem, vai atteikt izpild\u012bt j\u016bsu piepras\u012bjumu, ja tas ir nepamatots vai p\u0101rm\u0113r\u012bgs, \u012bpa\u0161i bie\u017eas atk\u0101rto\u0161an\u0101s gad\u012bjum\u0101.<\/p>\n<h3>Kontakti<\/h3>\n<p>Ja v\u0113laties uzzin\u0101t vair\u0101k par j\u016bsu personas datu aizsardz\u012bbu vai izmantot savas ties\u012bbas, varat sazin\u0101ties:<\/p>\n<p><strong>Ja pas\u016bt\u012bjums veikts Lietuv\u0101 \u2013 e-pasts: info&#64;&#116;&#111;&#112;&#114;&#101;&#110;&#x74;&#x2e;&#x6c;&#x74;, t\u0101lrunis: +370 6165 5336, vai nos\u016bt\u012bt piepras\u012bjumu: UAB Toprent, Perk\u016bnkiemio g. 13-91, Vi\u013c\u0146a, LT-12114, Lietuva.<\/strong><\/p>\n<p><strong>Ja pas\u016bt\u012bjums veikts Latvij\u0101 \u2013 e-pasts: &#x69;&#x6e;&#x66;&#x6f;&#x40;&#x74;&#x6f;&#x70;&#x72;&#x65;&#x6e;&#116;&#46;&#108;&#118;, t\u0101lrunis: +371 28 660 022, vai nos\u016bt\u012bt piepras\u012bjumu: SIA Toprent, Dzirnieku iela 16, M\u0101rupe, LV-2167, Latvija.<\/strong><\/p>\n<p><strong>Ja pas\u016bt\u012bjums veikts Igaunij\u0101 \u2013 e-pasts: &#x69;&#110;f&#x6f;&#x40;&#116;o&#x70;&#114;e&#x6e;&#x74;&#46;e&#x65;, t\u0101lrunis: +372 56 562 435, vai nos\u016bt\u012bt piepras\u012bjumu: TOPMobility O\u00dc, Tatari tn 56, 10134 Tallina, Igaunija.<\/strong><\/p>\n","protected":false},"excerpt":{"rendered":"<p>Ja v\u0113laties uzzin\u0101t inform\u0101ciju par to, k\u0101di personas dati mums par jums ir pieejami, l\u016bdzu, sazinieties ar mums, izmantojot zem\u0101k nor\u0101d\u012btos kontaktus. Da\u017ei dati, ko m\u0113s v\u0101cam, tiek uzskat\u012bti par personas datiem, un m\u0113s tos aizsarg\u0101jam saska\u0146\u0101 ar ES Regulu 2016\/679 (Visp\u0101r\u012bgo datu aizsardz\u012bbas regulu). Kad m\u0113s public\u0113jam izmai\u0146as \u0161aj\u0101 priv\u0101tuma politik\u0101, m\u0113s nor\u0101d\u012bsim p\u0113d\u0113j\u0101s&#8230;<\/p>\n","protected":false},"author":1,"featured_media":0,"parent":0,"menu_order":0,"comment_status":"closed","ping_status":"closed","template":"","meta":{"_acf_changed":false,"footnotes":""},"class_list":["post-3663","page","type-page","status-publish","hentry"],"acf":[],"_links":{"self":[{"href":"https:\/\/toprent.com\/lv\/wp-json\/wp\/v2\/pages\/3663","targetHints":{"allow":["GET"]}}],"collection":[{"href":"https:\/\/toprent.com\/lv\/wp-json\/wp\/v2\/pages"}],"about":[{"href":"https:\/\/toprent.com\/lv\/wp-json\/wp\/v2\/types\/page"}],"author":[{"embeddable":true,"href":"https:\/\/toprent.com\/lv\/wp-json\/wp\/v2\/users\/1"}],"replies":[{"embeddable":true,"href":"https:\/\/toprent.com\/lv\/wp-json\/wp\/v2\/comments?post=3663"}],"version-history":[{"count":2,"href":"https:\/\/toprent.com\/lv\/wp-json\/wp\/v2\/pages\/3663\/revisions"}],"predecessor-version":[{"id":4646,"href":"https:\/\/toprent.com\/lv\/wp-json\/wp\/v2\/pages\/3663\/revisions\/4646"}],"wp:attachment":[{"href":"https:\/\/toprent.com\/lv\/wp-json\/wp\/v2\/media?parent=3663"}],"curies":[{"name":"wp","href":"https:\/\/api.w.org\/{rel}","templated":true}]}}