{"id":4151,"date":"2025-07-15T16:12:09","date_gmt":"2025-07-15T13:12:09","guid":{"rendered":"https:\/\/toprent.com\/car-rental-franchise-opportunity\/"},"modified":"2025-11-12T11:09:38","modified_gmt":"2025-11-12T09:09:38","slug":"car-rental-franchise-opportunity","status":"publish","type":"page","link":"https:\/\/toprent.com\/lt\/car-rental-franchise-opportunity\/","title":{"rendered":"Fran\u0161iz\u0117"},"content":{"rendered":"<h2>Automobili\u0173 nuomos fran\u0161iz\u0117 \u2013 TopRent<\/h2>\n<p>\u201eTopRent\u201c yra viena spar\u010diausiai augan\u010di\u0173 ir pirmaujan\u010di\u0173 automobili\u0173 nuomos bendrovi\u0173 Baltijos \u0161alyse.<\/p>\n<p>\u012emon\u0117s veikla grind\u017eiama trumpalaik\u0117s ir ilgalaik\u0117s automobili\u0173 nuomos paslaug\u0173 teikimu tiek fiziniams, tiek juridiniams asmenims \u2013 u\u017e prieinam\u0105 kain\u0105, nepriklausomai nuo automobilio klas\u0117s. Suburta profesional\u0173 komanda kiekvienam klientui u\u017etikrina individual\u0173 po\u017ei\u016br\u012f ir auk\u0161tos kokyb\u0117s aptarnavim\u0105. Pagarba, k\u016brybi\u0161kumas ir komandinis darbas lemia auk\u0161tus rezultatus bei auk\u0161t\u0105 reiting\u0105 tarp kit\u0173 nuomos bendrovi\u0173.<\/p>\n<p>\u201eTopRent\u201c siekia ilgalaikio, patikimo ir produktyvaus bendradarbiavimo, kuris padeda auginti versl\u0105 ir i\u0161likti konkurencingam automobili\u0173 nuomos rinkoje.<\/p>\n<p>D\u0117l tarptautini\u0173 fran\u0161iz\u0117s galimybi\u0173 susisiekite el. pa\u0161tu: <a href=\"&#x6d;&#x61;&#x69;&#x6c;&#x74;&#x6f;&#58;&#102;&#114;&#97;nchi&#x73;&#x65;&#x40;&#x74;&#x6f;&#x70;&#114;&#101;&#110;&#116;&#46;com\">&#x66;&#114;&#97;&#x6e;&#x63;&#104;&#105;&#x73;&#x65;&#64;&#116;&#x6f;&#x70;&#114;&#101;&#x6e;&#x74;&#46;&#99;&#x6f;&#x6d;<\/a><\/p>\n<p>&nbsp;<\/p>\n","protected":false},"excerpt":{"rendered":"<p>Automobili\u0173 nuomos fran\u0161iz\u0117 \u2013 TopRent \u201eTopRent\u201c yra viena spar\u010diausiai augan\u010di\u0173 ir pirmaujan\u010di\u0173 automobili\u0173 nuomos bendrovi\u0173 Baltijos \u0161alyse. \u012emon\u0117s veikla grind\u017eiama trumpalaik\u0117s ir ilgalaik\u0117s automobili\u0173 nuomos paslaug\u0173 teikimu tiek fiziniams, tiek juridiniams asmenims \u2013 u\u017e prieinam\u0105 kain\u0105, nepriklausomai nuo automobilio klas\u0117s. Suburta profesional\u0173 komanda kiekvienam klientui u\u017etikrina individual\u0173 po\u017ei\u016br\u012f ir auk\u0161tos kokyb\u0117s aptarnavim\u0105. Pagarba, k\u016brybi\u0161kumas ir&#8230;<\/p>\n","protected":false},"author":1,"featured_media":2932,"parent":0,"menu_order":0,"comment_status":"closed","ping_status":"closed","template":"about-us.php","meta":{"_acf_changed":false,"footnotes":""},"class_list":["post-4151","page","type-page","status-publish","has-post-thumbnail","hentry"],"acf":[],"_links":{"self":[{"href":"https:\/\/toprent.com\/lt\/wp-json\/wp\/v2\/pages\/4151","targetHints":{"allow":["GET"]}}],"collection":[{"href":"https:\/\/toprent.com\/lt\/wp-json\/wp\/v2\/pages"}],"about":[{"href":"https:\/\/toprent.com\/lt\/wp-json\/wp\/v2\/types\/page"}],"author":[{"embeddable":true,"href":"https:\/\/toprent.com\/lt\/wp-json\/wp\/v2\/users\/1"}],"replies":[{"embeddable":true,"href":"https:\/\/toprent.com\/lt\/wp-json\/wp\/v2\/comments?post=4151"}],"version-history":[{"count":3,"href":"https:\/\/toprent.com\/lt\/wp-json\/wp\/v2\/pages\/4151\/revisions"}],"predecessor-version":[{"id":5132,"href":"https:\/\/toprent.com\/lt\/wp-json\/wp\/v2\/pages\/4151\/revisions\/5132"}],"wp:featuredmedia":[{"embeddable":true,"href":"https:\/\/toprent.com\/lt\/wp-json\/wp\/v2\/media\/2932"}],"wp:attachment":[{"href":"https:\/\/toprent.com\/lt\/wp-json\/wp\/v2\/media?parent=4151"}],"curies":[{"name":"wp","href":"https:\/\/api.w.org\/{rel}","templated":true}]}}