{"id":2385,"date":"2025-02-23T23:38:59","date_gmt":"2025-02-23T21:38:59","guid":{"rendered":"https:\/\/toprent.com\/about-us\/"},"modified":"2025-10-31T14:09:45","modified_gmt":"2025-10-31T12:09:45","slug":"apie-mus","status":"publish","type":"page","link":"https:\/\/toprent.com\/lt\/apie-mus\/","title":{"rendered":"Apie TopRent"},"content":{"rendered":"<p><strong>TopRent<\/strong> \u2013 tai profesionali automobili\u0173 nuomos \u012fmon\u0117, \u012fkurta 2015 metais ir veikianti visose Baltijos \u0161alyse \u2013 Latvijoje, Lietuvoje ir Estijoje. M\u016bs\u0173 tikslas \u2013 u\u017etikrinti patikimus mobilumo sprendimus tiek poilsio, tiek verslo keliautojams.<\/p>\n<p>M\u016bs\u0173 \u012fsipareigojim\u0105 auk\u0161tai paslaug\u0173 kokybei pagrind\u017eia pagalba klientams 24\/7, modernus automobili\u0173 parkas (ne senesni nei 2 met\u0173), sklandi nuomos patirtis nuo prad\u017eios iki pabaigos.<\/p>\n<h3>K\u0105 si\u016blome:<\/h3>\n<ul>\n<li>Nuolat atnaujinamas ir puikiai pri\u017ei\u016brimas nauj\u0173 automobili\u0173 parkas<\/li>\n<li>Konkurencingos kainos be joki\u0173 pasl\u0117pt\u0173 mokes\u010di\u0173<\/li>\n<li>Automobilio pristatymas \u012f jums patogi\u0105 viet\u0105<\/li>\n<li>Tiesioginis priva\u017eiavimas oro uosto terminaluose \u2013 maksimalus patogumas<\/li>\n<li>Galimyb\u0117 vykti per Baltijos \u0161alis (tarptautin\u0117 nuoma)<\/li>\n<li>Vienos krypties nuoma tarp skirting\u0173 miest\u0173 ir \u0161ali\u0173<\/li>\n<li>I\u0161skirtiniai pasi\u016blymai ilgalaikiams klientams ir partneriams<\/li>\n<li>Greitas ir patogus automobili\u0173 rezervavimas internetu<\/li>\n<li>Paprastas ir greitas automobilio atsi\u0117mimas bei gr\u0105\u017einimas<\/li>\n<li>Patikimi, saug\u016bs ir komforti\u0161ki automobiliai kiekvienai kelionei<\/li>\n<\/ul>\n<p>TopRent siekia teikti lanks\u010dius ir patikimus automobili\u0173 nuomos sprendimus, kuri\u0173 pagrindas \u2013 klient\u0173 pasitenkinimas ir veiklos efektyvumas.<\/p>\n","protected":false},"excerpt":{"rendered":"<p>TopRent \u2013 tai profesionali automobili\u0173 nuomos \u012fmon\u0117, \u012fkurta 2015 metais ir veikianti visose Baltijos \u0161alyse \u2013 Latvijoje, Lietuvoje ir Estijoje. M\u016bs\u0173 tikslas \u2013 u\u017etikrinti patikimus mobilumo sprendimus tiek poilsio, tiek verslo keliautojams. M\u016bs\u0173 \u012fsipareigojim\u0105 auk\u0161tai paslaug\u0173 kokybei pagrind\u017eia pagalba klientams 24\/7, modernus automobili\u0173 parkas (ne senesni nei 2 met\u0173), sklandi nuomos patirtis nuo prad\u017eios iki&#8230;<\/p>\n","protected":false},"author":1,"featured_media":1990,"parent":0,"menu_order":0,"comment_status":"closed","ping_status":"closed","template":"about-us.php","meta":{"_acf_changed":false,"footnotes":""},"class_list":["post-2385","page","type-page","status-publish","has-post-thumbnail","hentry"],"acf":[],"_links":{"self":[{"href":"https:\/\/toprent.com\/lt\/wp-json\/wp\/v2\/pages\/2385","targetHints":{"allow":["GET"]}}],"collection":[{"href":"https:\/\/toprent.com\/lt\/wp-json\/wp\/v2\/pages"}],"about":[{"href":"https:\/\/toprent.com\/lt\/wp-json\/wp\/v2\/types\/page"}],"author":[{"embeddable":true,"href":"https:\/\/toprent.com\/lt\/wp-json\/wp\/v2\/users\/1"}],"replies":[{"embeddable":true,"href":"https:\/\/toprent.com\/lt\/wp-json\/wp\/v2\/comments?post=2385"}],"version-history":[{"count":6,"href":"https:\/\/toprent.com\/lt\/wp-json\/wp\/v2\/pages\/2385\/revisions"}],"predecessor-version":[{"id":5124,"href":"https:\/\/toprent.com\/lt\/wp-json\/wp\/v2\/pages\/2385\/revisions\/5124"}],"wp:featuredmedia":[{"embeddable":true,"href":"https:\/\/toprent.com\/lt\/wp-json\/wp\/v2\/media\/1990"}],"wp:attachment":[{"href":"https:\/\/toprent.com\/lt\/wp-json\/wp\/v2\/media?parent=2385"}],"curies":[{"name":"wp","href":"https:\/\/api.w.org\/{rel}","templated":true}]}}