{"id":4149,"date":"2025-07-15T16:12:09","date_gmt":"2025-07-15T13:12:09","guid":{"rendered":"https:\/\/toprent.com\/car-rental-franchise-opportunity\/"},"modified":"2025-09-08T13:56:47","modified_gmt":"2025-09-08T10:56:47","slug":"car-rental-franchise-opportunity","status":"publish","type":"page","link":"https:\/\/toprent.com\/ee\/car-rental-franchise-opportunity\/","title":{"rendered":"Frantsiis"},"content":{"rendered":"<h2>Autorendi frantsiisiv\u00f5imalus \u2013 TopRent<\/h2>\n<p>TopRent on \u00fcks juhtivaid ja kiiremini kasvavaid autorendifirmasid Baltikumis.<br \/>\nEttev\u00f5tte tegevus p\u00f5hineb l\u00fchiajaliste ja pikaajaliste renditeenuste pakkumisel eraisikutele ja juriidilistele isikutele igas klassis autodele taskukohaste hindadega.<br \/>\nKogenud professionaalide meeskond tagab individuaalse l\u00e4henemise ja kvaliteetse teeninduse iga kliendi jaoks. Austus, loovus ja meeskonnat\u00f6\u00f6 viivad k\u00f5rgete tulemusteni ning tagavad k\u00f5rge reitingu teiste autorendifirmade seas.<br \/>\nTopRent seab eesm\u00e4rgiks pikaajalise, usaldusv\u00e4\u00e4rse ja tulemusliku koost\u00f6\u00f6 arendamise, et kasvatada \u00e4ri, j\u00e4\u00e4des samal ajal konkurentsiv\u00f5imeliseks autorenditurul.<\/p>\n<p>Globaalsete frantsiisiv\u00f5imaluste kohta lisainfo saamiseks v\u00f5tke palun \u00fchendust: <a href=\"&#109;&#97;&#x69;l&#116;&#x6f;&#x3a;f&#114;&#x61;&#x6e;c&#104;&#x69;s&#101;&#x40;&#x74;o&#112;&#x72;&#x65;n&#116;&#x2e;c&#111;&#x6d;\">&#102;&#114;&#x61;n&#99;&#x68;&#x69;s&#101;&#x40;&#x74;o&#112;&#x72;&#x65;n&#116;&#x2e;&#x63;o&#109;<\/a><\/p>\n","protected":false},"excerpt":{"rendered":"<p>Autorendi frantsiisiv\u00f5imalus \u2013 TopRent TopRent on \u00fcks juhtivaid ja kiiremini kasvavaid autorendifirmasid Baltikumis. Ettev\u00f5tte tegevus p\u00f5hineb l\u00fchiajaliste ja pikaajaliste renditeenuste pakkumisel eraisikutele ja juriidilistele isikutele igas klassis autodele taskukohaste hindadega. Kogenud professionaalide meeskond tagab individuaalse l\u00e4henemise ja kvaliteetse teeninduse iga kliendi jaoks. Austus, loovus ja meeskonnat\u00f6\u00f6 viivad k\u00f5rgete tulemusteni ning tagavad k\u00f5rge reitingu teiste autorendifirmade&#8230;<\/p>\n","protected":false},"author":1,"featured_media":3940,"parent":0,"menu_order":0,"comment_status":"closed","ping_status":"closed","template":"about-us.php","meta":{"_acf_changed":false,"footnotes":""},"class_list":["post-4149","page","type-page","status-publish","has-post-thumbnail","hentry"],"acf":[],"_links":{"self":[{"href":"https:\/\/toprent.com\/ee\/wp-json\/wp\/v2\/pages\/4149","targetHints":{"allow":["GET"]}}],"collection":[{"href":"https:\/\/toprent.com\/ee\/wp-json\/wp\/v2\/pages"}],"about":[{"href":"https:\/\/toprent.com\/ee\/wp-json\/wp\/v2\/types\/page"}],"author":[{"embeddable":true,"href":"https:\/\/toprent.com\/ee\/wp-json\/wp\/v2\/users\/1"}],"replies":[{"embeddable":true,"href":"https:\/\/toprent.com\/ee\/wp-json\/wp\/v2\/comments?post=4149"}],"version-history":[{"count":2,"href":"https:\/\/toprent.com\/ee\/wp-json\/wp\/v2\/pages\/4149\/revisions"}],"predecessor-version":[{"id":4967,"href":"https:\/\/toprent.com\/ee\/wp-json\/wp\/v2\/pages\/4149\/revisions\/4967"}],"wp:featuredmedia":[{"embeddable":true,"href":"https:\/\/toprent.com\/ee\/wp-json\/wp\/v2\/media\/3940"}],"wp:attachment":[{"href":"https:\/\/toprent.com\/ee\/wp-json\/wp\/v2\/media?parent=4149"}],"curies":[{"name":"wp","href":"https:\/\/api.w.org\/{rel}","templated":true}]}}