{"id":3964,"date":"2025-02-18T14:19:51","date_gmt":"2025-02-18T12:19:51","guid":{"rendered":"https:\/\/toprent.com\/privacy-policy\/"},"modified":"2025-09-11T15:59:38","modified_gmt":"2025-09-11T12:59:38","slug":"privacy-policy","status":"publish","type":"page","link":"https:\/\/toprent.com\/ee\/privacy-policy\/","title":{"rendered":"Privaatsuspoliitika"},"content":{"rendered":"<p>Kui soovite teada, milliseid isikuandmeid me teie kohta s\u00e4ilitame, v\u00f5tke meiega \u00fchendust allpool toodud kontaktandmetel.<br \/>\nM\u00f5ned kogutavad andmed v\u00f5ivad olla isikuandmeteks ning me kaitseme neid vastavalt EL m\u00e4\u00e4rusele 2016\/679 (Isikuandmete kaitse \u00fcldm\u00e4\u00e4rus, GDPR).<br \/>\nKui avaldame muudatusi selles privaatsusteates, lisame muudatuse kuup\u00e4eva. Kui muudatused on olulised v\u00f5i puudutavad seda, kuidas me teie isikuandmeid kasutame, teavitame teid sellest enne muudatuste j\u00f5ustumist kas vastava teatega v\u00f5i saadame teile otse teavituse. Soovitame regulaarselt selle teatisega tutvuda.<\/p>\n<h2>Miks me andmeid kogume<\/h2>\n<p>T\u00f6\u00f6tleme teie andmeid ainult meie teenustega seotud \u00f5igusp\u00e4rastel eesm\u00e4rkidel. T\u00f6\u00f6tleme neid austades teie p\u00f5hi\u00f5igust privaatsusele, sealhulgas isikliku puutumatuse kaitsmise vajadust, ning tagame, et ei kogu rohkem andmeid, kui on vaja teenuse osutamiseks. Kui ei ole m\u00e4rgitud teisiti, m\u00e4\u00e4rab Toprent kindlaks andmete kogumise eesm\u00e4rgi ja viisi ning \u00f5iguslikus m\u00f5ttes t\u00e4hendab see, et tegutseme isikuandmete \u201et\u00f6\u00f6tlejana\u201c.<\/p>\n<p>Me kogume andmeid selleks, et:<\/p>\n<ul>\n<li>pakkuda s\u00f5iduki broneerimise teenust<\/li>\n<li>s\u00f5lmida rendileping ja v\u00e4ljastada arve<\/li>\n<li>vastata teie p\u00e4ringutele, kaebustele ja pretensioonidele<\/li>\n<li>saata teile infot meie pakkumiste kohta<\/li>\n<\/ul>\n<h2>Milliseid andmeid me kogume<\/h2>\n<h3>S\u00f5iduki broneerimine<\/h3>\n<p>Kui soovite teha s\u00f5iduki broneeringu, vajame teie isikuandmeid: ees- ja perekonnanimi, aadress, telefoninumber ja e-posti aadress.<\/p>\n<h3>Auto rentimine<\/h3>\n<p>Kui otsustate meie pakkumisest s\u00f5iduki rentida, vajame rendilepingu s\u00f5lmimiseks lisaks j\u00e4rgmisi andmeid:<\/p>\n<ul>\n<li>ees- ja perekonnanimi<\/li>\n<li>aadress, linn<\/li>\n<li>s\u00fcnniaeg<\/li>\n<li>vanus<\/li>\n<li>isikutunnistus \/ pass (number ja kehtivusaeg)<\/li>\n<li>juhiloa number, v\u00e4ljaandja ja kehtivusaeg<\/li>\n<li>krediitkaardi number<\/li>\n<li>telefoninumber<\/li>\n<li>e-posti aadress<\/li>\n<\/ul>\n<h3>P\u00e4ring \/ Kaebus \/ Pretensioon<\/h3>\n<p>Kui te ei j\u00e4\u00e4nud millegagi rahule v\u00f5i soovite teatada s\u00f5idukiga seotud probleemist, vajame j\u00e4rgmisi andmeid:<\/p>\n<ul>\n<li>ees- ja perekonnanimi<\/li>\n<li>aadress<\/li>\n<li>telefoninumber<\/li>\n<li>isikutunnistuse number ja kehtivusaeg<\/li>\n<li>juhiloa number, v\u00e4ljaandja ja kehtivusaeg<\/li>\n<\/ul>\n<h3>Kuidas me andmeid kogume<\/h3>\n<p>\u00dcldiselt kogume andmeid j\u00e4rgmiselt:<\/p>\n<ul>\n<li>meie teenuste kasutamise taotlemisel<\/li>\n<li>kui esitate need meile otse, n\u00e4iteks e-posti v\u00f5i telefonik\u00f5ne teel<\/li>\n<li>meie veebilehe kasutamisel (Toprent kasutab k\u00fcpsiseid, mille kaudu v\u00f5ivad m\u00f5ned isikuandmed olla k\u00e4ttesaadavad; t\u00e4psem info k\u00fcpsiste kohta on meie k\u00fcpsisepoliitikas)<br \/>\nliitudes meie uudiskirjaga<\/li>\n<li>andes otseturunduse n\u00f5usoleku (nt e-posti teel v\u00f5i meie esindustes vormi t\u00e4ites)<\/li>\n<li>Kuidas me teie andmeid kaitseme<\/li>\n<\/ul>\n<p>Kui v\u00f5imalik, teavitame teid enne teenuse kasutamise alustamist, milliseid andmeid peate meile esitama.<br \/>\nMeie veebilehel v\u00f5ime kasutada k\u00fcpsiseid v\u00f5i muid andmekogumise t\u00f6\u00f6riistu. T\u00e4psemat teavet leiate meie k\u00fcpsisepoliitikast.<br \/>\nM\u00f5ned kolmandate osapoolte veebisaidid v\u00f5ivad kontrollida meie toodete ja teenuste liiklust, n\u00e4iteks klikkide arvu v\u00f5i kasutatud otsingus\u00f5nu. Me ei edasta nendele teenustele isikuandmeid.<\/p>\n<h3>Kuidas me teie andmeid kaitseme<\/h3>\n<p>Meil on kasutusel asjakohased tehnilised ja administratiivsed turvameetmed, et tagada kasutajate andmete kaitse volitamata v\u00f5i juhusliku juurdep\u00e4\u00e4su, kasutamise, muutmise v\u00f5i kaotuse eest. V\u00f5etud meetmeid kontrollitakse regulaarselt ning neid kohandatakse pidevalt vastavalt tehnoloogia arengule.<br \/>\nMe t\u00f6\u00f6tleme teie andmeid koosk\u00f5las seadustega. Samuti n\u00f5uame oma tarnijatelt ja teenusepakkujatelt turvahindamiste l\u00e4biviimist ning nende vastavuse t\u00f5endamist kehtivatele seadustele ja t\u00f6\u00f6stusstandarditele.<br \/>\nMe vaatame regulaarselt \u00fcle, t\u00e4iendame ja uuendame t\u00f6\u00f6protseduure, \u00e4riprotsesse ja tehnilisi meetmeid, et parandada teie privaatsuse kaitset ning tagada koosk\u00f5la meie sisepoliitikatega.<\/p>\n<h3>\u00a0Kuidas me teie andmeid jagame<\/h3>\n<p>Toprent v\u00f5ib teie isikuandmeid edastada kolmandatele osapooltele j\u00e4rgmistel juhtudel:<\/p>\n<ul>\n<li>seadusest tulenevate kohustuste t\u00e4itmiseks (nt kohtutele v\u00f5i p\u00e4devatele asutustele)<\/li>\n<li>Toprenti \u00f5iguste, turvalisuse v\u00f5i vara kaitseks<\/li>\n<li>lepingute s\u00f5lmimiseks ja t\u00e4itmiseks vahendajate v\u00f5i agentuuridega<\/li>\n<li>Toprentile tekkiva kahju v\u00e4ltimiseks v\u00f5i piiramiseks<\/li>\n<li>muudel juhtudel teie n\u00f5usolekul<\/li>\n<\/ul>\n<p>K\u00f5igil juhtudel tagab Toprent, et kolmandad isikud ei kasuta teie andmeid muul eesm\u00e4rgil kui kokkulepitud ning nad on kohustatud hoidma andmed konfidentsiaalsena.<\/p>\n<h3>Kui kaua me teie andmeid s\u00e4ilitame<\/h3>\n<p>Isikuandmeid s\u00e4ilitatakse kujul, mis v\u00f5imaldab isiku tuvastamist ainult seni, kuni see on vajalik eesm\u00e4rkide saavutamiseks, milleks isikuandmeid t\u00f6\u00f6deldakse. Samuti nii kaua, kui meie riigi \u00f5igusaktid n\u00f5uavad, et vastutav t\u00f6\u00f6tleja s\u00e4ilitaks isikuandmeid konfidentsiaalsena. Isikuandmeid v\u00f5ib s\u00e4ilitada ka pikema aja jooksul etten\u00e4htud juhtudel, n\u00e4iteks statistilistel eesm\u00e4rkidel v\u00f5i avalikes huvides arhiveerimiseks.<br \/>\nKui teie andmeid t\u00f6\u00f6deldakse teie n\u00f5usoleku alusel ja te v\u00f5tate selle n\u00f5usoleku tagasi, l\u00f5petame andmete t\u00f6\u00f6tlemise ja ei kasuta neid enam. See v\u00f5ib aga t\u00e4hendada, et te ei saa kasutada m\u00f5ningaid lisav\u00f5imalusi, mis on seotud teie n\u00f5usolekuga.<br \/>\nPange t\u00e4hele, et teie andmeid ei kustutata m\u00e4\u00e4ratud t\u00e4htaja m\u00f6\u00f6dumisel juhul, kui on algatatud sissen\u00f5udmismenetlus tasumata n\u00f5uete osas v\u00f5i m\u00f5ni muu menetlus. Sellisel juhul kustutatakse isikuandmed p\u00e4rast menetluse l\u00f5plikku l\u00f5petamist v\u00f5i p\u00e4rast seadusest tulenevat aegumist\u00e4htaega, mis reguleerib kohustuslikke ja \u00f5iguslikke suhteid.<\/p>\n<h3>Teie \u00f5igused<\/h3>\n<ul>\n<li>\u00d5igus tutvuda isikuandmetega \u2013 teil on \u00f5igus k\u00fcsida ja saada teavet enda kohta (kirjalikult, telefoni v\u00f5i e-posti teel), mida me t\u00f6\u00f6tleme, tingimusel et teie isik on \u00fcheselt tuvastatud ja t\u00f5endatud.<\/li>\n<li>\u00d5igus parandada v\u00f5i uuendada oma isikuandmeid \u2013 juhul kui teie andmed on ebat\u00e4psed v\u00f5i puudulikud, on teil \u00f5igus neid kirjalikult v\u00f5i isiklikult parandada v\u00f5i uuendada, tingimusel et teie isik on \u00fcheselt kehtivalt tuvastatud ja t\u00f5endatud. Te vastutate \u00f5ige isikuandmete esitamise eest ning olete kohustatud meid teavitama k\u00f5igist asjakohastest muudatustest oma isikuandmetes (nt nime\/perekonnanime v\u00f5i aadressi muutus).<\/li>\n<li>\u00d5igus kustutada isikuandmed \u2013 kui puuduvad enam p\u00f5hjused, miks teie isikuandmeid t\u00f6\u00f6deldakse, ning eesm\u00e4rk, milleks need koguti, on t\u00e4idetud, kustutatakse andmed, kui see ei ole vastuolus kehtivate \u00f5igusaktidega v\u00f5i kui andmeid ei t\u00f6\u00f6delda statistilisel eesm\u00e4rgil, kus ei ole enam v\u00f5imalik tuvastada isikut, kellele andmed kuuluvad, v\u00f5i kui need ei ole vajalikud \u00f5igusn\u00f5uete koostamiseks, esitamiseks v\u00f5i kaitsmiseks.<\/li>\n<li>\u00d5igus turundusn\u00f5usoleku tagasiv\u00f5tmiseks \u2013 teil on igal ajal \u00f5igus tagasi v\u00f5tta oma antud n\u00f5usolek meie turundusteabe saamiseks.<\/li>\n<li>\u00d5igus esitada vastuv\u00e4ide isikuandmete t\u00f6\u00f6tlemisele Toprenti \u00f5igustatud huvi alusel \u2013 teil on \u00f5igus igal ajal esitada vastuv\u00e4ide, tuues p\u00f5hjenduseks oma huvid, kas kirjalikult v\u00f5i isiklikult meie peakontoris. Sellisel juhul teavitame teid, kas meie ettev\u00f5tte \u00f5igustatud huvid kaaluvad \u00fcles teie huvid ning kas isikuandmete edasine t\u00f6\u00f6tlemine on vajalik \u00f5igusn\u00f5uete saavutamiseks v\u00f5i kaitsmiseks, millisel juhul andmete t\u00f6\u00f6tlemist j\u00e4tkatakse.<\/li>\n<li>\u00d5igus esitada kaebus j\u00e4relevalveasutusele \u2013 teil on \u00f5igus esitada kaebus kirjalikult v\u00f5i isiklikult meie peakontoris ning samuti Isikuandmete Kaitse Inspektsioonile.<\/li>\n<li>\u00d5igus isikuandmete \u00fclekandmisele \u2013 teil on \u00f5igus kirjalikult v\u00f5i isiklikult meie peakontoris taotleda, et andmed, mille olete meile andnud n\u00f5usoleku v\u00f5i lepingu alusel, oleksid k\u00e4ttesaadavad struktureeritud, \u00fcldkasutatavas ja masinloetavas vormingus, kui me oleme neid andmeid t\u00f6\u00f6delnud automatiseeritud protseduuridega.<\/li>\n<li>\u00d5igus piirata t\u00f6\u00f6tlemist \u2013 teil on \u00f5igus taotleda kirjalikult v\u00f5i isiklikult meie peakontoris isikuandmete t\u00f6\u00f6tlemise ajutist blokeerimist, kui vaidlustate andmete \u00f5igsuse ja on vaja kontrollida nende \u00f5igsust, v\u00f5i kui tegemist on loata t\u00f6\u00f6tlemisega ning te ei soovi andmete kustutamist, v\u00f5i kui Toprent ei vaja enam neid andmeid, kuid teie vajate neid \u00f5iguslike n\u00f5uete t\u00e4itmiseks, v\u00f5i kui olete esitanud vastuv\u00e4ite ja ootate kinnitust, et Toprent\u2019i \u00f5igustatud p\u00f5hjused kaaluvad teie omad \u00fcles.<\/li>\n<\/ul>\n<h3>Andmete v\u00e4\u00e4rkasutus<\/h3>\n<p>Meil on \u00f5igus v\u00f5tta teie taotluse t\u00f6\u00f6tlemise eest m\u00f5istlik halduskuludel p\u00f5hinev tasu v\u00f5i keelduda taotluse t\u00e4itmisest, kui teie taotlused on ilmselgelt p\u00f5hjendamatud v\u00f5i \u00fclem\u00e4\u00e4rased, eriti nende sagedase kordumise t\u00f5ttu.<\/p>\n<h3>Kontaktandmed<\/h3>\n<p>Kui soovite rohkem teada saada oma isikuandmete kaitse kohta v\u00f5i kasutada m\u00f5nda oma \u00f5igustest, v\u00f5ite meiega \u00fchendust v\u00f5tta:<\/p>\n<p><strong>Kui esitasite tellimuse Leedus \u2013 e-posti teel: &#x69;&#x6e;&#x66;&#x6f;&#x40;&#x74;&#x6f;&#x70;&#x72;&#x65;&#x6e;&#x74;&#x2e;&#x6c;&#x74;, telefoni teel: +3706 1655 336, v\u00f5i saates taotluse aadressile: UAB Toprent, Perk\u016bnkiemio g. 13-91, Vilnius, LT-12114, Leedu.<\/strong><\/p>\n<p><strong>Kui esitasite tellimuse L\u00e4tis \u2013 e-posti teel: &#105;n&#x66;o&#x40;t&#x6f;p&#x72;&#101;&#x6e;&#116;&#x2e;&#108;&#x76;, telefoni teel: +371 28 660 022, v\u00f5i saates taotluse aadressile: SIA Toprent, Dzirnieku iela 16, M\u0101rupe, LV-2167, L\u00e4ti.<\/strong><\/p>\n<p><strong>Kui esitasite tellimuse Eestis \u2013 e-posti teel: &#x69;n&#x66;&#111;&#x40;&#116;o&#x70;r&#x65;&#110;&#x74;&#46;e&#x65;, telefoni teel: +372 56 562 435, v\u00f5i saates taotluse aadressile: TOPMobility O\u00dc, Tatari tn 56, 10134 Tallinn, Eesti.<\/strong><\/p>\n","protected":false},"excerpt":{"rendered":"<p>Kui soovite teada, milliseid isikuandmeid me teie kohta s\u00e4ilitame, v\u00f5tke meiega \u00fchendust allpool toodud kontaktandmetel. M\u00f5ned kogutavad andmed v\u00f5ivad olla isikuandmeteks ning me kaitseme neid vastavalt EL m\u00e4\u00e4rusele 2016\/679 (Isikuandmete kaitse \u00fcldm\u00e4\u00e4rus, GDPR). Kui avaldame muudatusi selles privaatsusteates, lisame muudatuse kuup\u00e4eva. Kui muudatused on olulised v\u00f5i puudutavad seda, kuidas me teie isikuandmeid kasutame, teavitame teid&#8230;<\/p>\n","protected":false},"author":1,"featured_media":0,"parent":0,"menu_order":0,"comment_status":"closed","ping_status":"closed","template":"","meta":{"_acf_changed":false,"footnotes":""},"class_list":["post-3964","page","type-page","status-publish","hentry"],"acf":[],"_links":{"self":[{"href":"https:\/\/toprent.com\/ee\/wp-json\/wp\/v2\/pages\/3964","targetHints":{"allow":["GET"]}}],"collection":[{"href":"https:\/\/toprent.com\/ee\/wp-json\/wp\/v2\/pages"}],"about":[{"href":"https:\/\/toprent.com\/ee\/wp-json\/wp\/v2\/types\/page"}],"author":[{"embeddable":true,"href":"https:\/\/toprent.com\/ee\/wp-json\/wp\/v2\/users\/1"}],"replies":[{"embeddable":true,"href":"https:\/\/toprent.com\/ee\/wp-json\/wp\/v2\/comments?post=3964"}],"version-history":[{"count":3,"href":"https:\/\/toprent.com\/ee\/wp-json\/wp\/v2\/pages\/3964\/revisions"}],"predecessor-version":[{"id":5080,"href":"https:\/\/toprent.com\/ee\/wp-json\/wp\/v2\/pages\/3964\/revisions\/5080"}],"wp:attachment":[{"href":"https:\/\/toprent.com\/ee\/wp-json\/wp\/v2\/media?parent=3964"}],"curies":[{"name":"wp","href":"https:\/\/api.w.org\/{rel}","templated":true}]}}