{"id":3668,"date":"2025-02-23T23:38:59","date_gmt":"2025-02-23T21:38:59","guid":{"rendered":"https:\/\/toprent.com\/about-us\/"},"modified":"2025-10-31T14:08:50","modified_gmt":"2025-10-31T12:08:50","slug":"about-us","status":"publish","type":"page","link":"https:\/\/toprent.com\/ee\/about-us\/","title":{"rendered":"Meist"},"content":{"rendered":"<h2>TopRentist<\/h2>\n<p>TopRent on professionaalne autorendifirma, mis on asutatud <strong>2015<\/strong>. aastal ning tegutseb kogu <strong>Balti riikides \u2013 L\u00e4tis, Leedus ja Eestis.<\/strong> Meie eesm\u00e4rk on pakkuda usaldusv\u00e4\u00e4rseid liikumislahendusi nii puhkusereisijatele kui ka \u00e4riklientidele.<\/p>\n<p>Meie k\u00f5rgetasemelist teenust toetab \u00f6\u00f6p\u00e4evaringne klienditugi, kaasaegne autopark (mitte vanem kui kaks aastat) ning sujuv rendikogemus algusest l\u00f5puni.<\/p>\n<h2>Mida me pakume<\/h2>\n<ul>\n<li>Pidevalt laienev uus ja hooldatud autopark<\/li>\n<li>Konkurentsiv\u00f5imelised hinnad ilma varjatud tasudeta<\/li>\n<li>Autode kohaletoimetamine kliendi soovitud asukohta<\/li>\n<li>Otsene ligip\u00e4\u00e4s lennujaama terminalides maksimaalse mugavuse tagamiseks<\/li>\n<li>Piiri\u00fclene autorent kogu Baltikumis<\/li>\n<li>\u00dchesuunaline rent linnade ja riikide vahel<\/li>\n<li>Eksklusiivsed pakkumised pikaajalistele klientidele ja partneritele<\/li>\n<li>Kiire ja mugav online-broneerimise protsess<\/li>\n<li>Lihtne ja kiire auto k\u00e4ttesaamine ja tagastamine<\/li>\n<li>Usaldusv\u00e4\u00e4rsed, turvalised ja mugavad autod igaks reisiks<\/li>\n<\/ul>\n<p>TopRent on p\u00fchendunud paindlike ja usaldusv\u00e4\u00e4rsete autorendilahenduste pakkumisele, keskendudes kliendirahulolule ja t\u00f6\u00f6alasele tipptasemele.<\/p>\n","protected":false},"excerpt":{"rendered":"<p>TopRentist TopRent on professionaalne autorendifirma, mis on asutatud 2015. aastal ning tegutseb kogu Balti riikides \u2013 L\u00e4tis, Leedus ja Eestis. Meie eesm\u00e4rk on pakkuda usaldusv\u00e4\u00e4rseid liikumislahendusi nii puhkusereisijatele kui ka \u00e4riklientidele. Meie k\u00f5rgetasemelist teenust toetab \u00f6\u00f6p\u00e4evaringne klienditugi, kaasaegne autopark (mitte vanem kui kaks aastat) ning sujuv rendikogemus algusest l\u00f5puni. Mida me pakume Pidevalt laienev uus&#8230;<\/p>\n","protected":false},"author":1,"featured_media":3670,"parent":0,"menu_order":0,"comment_status":"closed","ping_status":"closed","template":"about-us.php","meta":{"_acf_changed":false,"footnotes":""},"class_list":["post-3668","page","type-page","status-publish","has-post-thumbnail","hentry"],"acf":[],"_links":{"self":[{"href":"https:\/\/toprent.com\/ee\/wp-json\/wp\/v2\/pages\/3668","targetHints":{"allow":["GET"]}}],"collection":[{"href":"https:\/\/toprent.com\/ee\/wp-json\/wp\/v2\/pages"}],"about":[{"href":"https:\/\/toprent.com\/ee\/wp-json\/wp\/v2\/types\/page"}],"author":[{"embeddable":true,"href":"https:\/\/toprent.com\/ee\/wp-json\/wp\/v2\/users\/1"}],"replies":[{"embeddable":true,"href":"https:\/\/toprent.com\/ee\/wp-json\/wp\/v2\/comments?post=3668"}],"version-history":[{"count":4,"href":"https:\/\/toprent.com\/ee\/wp-json\/wp\/v2\/pages\/3668\/revisions"}],"predecessor-version":[{"id":5122,"href":"https:\/\/toprent.com\/ee\/wp-json\/wp\/v2\/pages\/3668\/revisions\/5122"}],"wp:featuredmedia":[{"embeddable":true,"href":"https:\/\/toprent.com\/ee\/wp-json\/wp\/v2\/media\/3670"}],"wp:attachment":[{"href":"https:\/\/toprent.com\/ee\/wp-json\/wp\/v2\/media?parent=3668"}],"curies":[{"name":"wp","href":"https:\/\/api.w.org\/{rel}","templated":true}]}}